{"id":2310,"date":"2019-02-21T12:56:49","date_gmt":"2019-02-21T17:56:49","guid":{"rendered":"http:\/\/192.168.1.174\/wp\/wordpress\/congres-triennal-national-de-lacmpa\/"},"modified":"2025-04-09T10:48:26","modified_gmt":"2025-04-09T15:48:26","slug":"congres-triennal-national-de-lacmpa","status":"publish","type":"page","link":"https:\/\/cpaa-acmpa.ca\/wp\/les-evenements-de-lacmpa\/congres-triennal-national-de-lacmpa\/?lang=fr","title":{"rendered":"Congr\u00e8s Quadriennal National de l&#8217;ACMPA"},"content":{"rendered":"\n<p><strong>Congr\u00e8s quadriennal national octobre 2027<\/strong><\/p>\n\n\n\n<p>Tous les quatre ans, l\u2019Association Canadienne des ma\u00eetres de poste et adjoints se r\u00e9unissent de partout au pays pour tenir notre congr\u00e8s quadriennal. Le pr\u00e9sident, le vice-pr\u00e9sident anglais et le vice-pr\u00e9sident fran\u00e7ais sont \u00e9lus \u00e0 cette occasion pour un mandat de quatre ans. Chaque section a le droit de faire participer ses officiers, ainsi que les d\u00e9l\u00e9gu\u00e9s, \u00e9lus \u00e0 leur Congr\u00e8s annuel de section.&nbsp; Tout membre en r\u00e8gle peut se porter candidat \u00e0 un poste d\u2019officier ou de d\u00e9l\u00e9gu\u00e9.&nbsp; Le nombre de d\u00e9l\u00e9gu\u00e9s repr\u00e9sentant chaque section est bas\u00e9 sur le nombre de membres de cette section.<\/p>\n\n\n\n<p>Au cours de cette session parlementaire, nous proposons des changements ou des ajouts \u00e0 notre gouvernance des politiques et proc\u00e9dures ainsi que des r\u00e8glements pour ratification et discussion, ainsi que nos \u00e9lections nationales.<\/p>\n\n\n\n<p>Le lieu o\u00f9 le congr\u00e8s quadriennal a lieu change chaque fois afin que chaque section ait l&#8217;occasion de pr\u00e9senter sa section. Le 23e congr\u00e8s national de l&#8217;ACMPA se tiendra \u00e0 Moncton, au Nouveau-Brunswick, au Delta Hotel by Marriott Beaus\u00e9jour, 750, rue Main, les 18, 19 et 20 octobre 2027.<\/p>\n\n\n<div class=\"wp-block-image\">\n<figure class=\"aligncenter size-full\"><img loading=\"lazy\" decoding=\"async\" width=\"407\" height=\"248\" src=\"https:\/\/cpaa-acmpa.ca\/wp\/wp-content\/uploads\/2025\/04\/DeltaNB2027.jpg\" alt=\"\" class=\"wp-image-6056\" srcset=\"https:\/\/cpaa-acmpa.ca\/wp\/wp-content\/uploads\/2025\/04\/DeltaNB2027.jpg 407w, https:\/\/cpaa-acmpa.ca\/wp\/wp-content\/uploads\/2025\/04\/DeltaNB2027-300x183.jpg 300w\" sizes=\"auto, (max-width: 407px) 100vw, 407px\" \/><\/figure>\n<\/div>\n\n\n<hr class=\"wp-block-separator has-alpha-channel-opacity\"\/>\n\n\n\n<p>Les officiers du bureau National sont \u00e9lus au Congr\u00e8s Quadriennal National.<\/p>\n\n\n\n<p class=\"has-text-align-left\">Notre Congr\u00e8s national se tient tous les quatres ans. Au Congr\u00e8s des sections, les d\u00e9l\u00e8gu\u00e9s sont \u00e9lus pour aller au Congr\u00e8s national, bas\u00e9 sur la syst\u00e8me de repr\u00e9sentation d&#8217;un d\u00e9l\u00e8gu\u00e9 pour chaque 150 membres de la Section. Les ann\u00e9es sans un Congr\u00e8s Quadriennal National, les r\u00e9unions annuelles se tiennent pour faire rapport des activit\u00e9s de l&#8217;ACMPA.<\/p>\n\n\n\n<hr class=\"wp-block-separator has-alpha-channel-opacity\"\/>\n\n\n\n<div class=\"wp-block-media-text alignwide\" style=\"grid-template-columns:52% auto\"><figure class=\"wp-block-media-text__media\"><img loading=\"lazy\" decoding=\"async\" width=\"1024\" height=\"681\" src=\"https:\/\/cpaa-acmpa.ca\/wp\/wp-content\/uploads\/2024\/12\/original-FB4E0EC3-6A3F-4622-83FE-F5CC68F74BB7-1024x681.jpeg\" alt=\"\" class=\"wp-image-5953 size-full\" srcset=\"https:\/\/cpaa-acmpa.ca\/wp\/wp-content\/uploads\/2024\/12\/original-FB4E0EC3-6A3F-4622-83FE-F5CC68F74BB7-1024x681.jpeg 1024w, https:\/\/cpaa-acmpa.ca\/wp\/wp-content\/uploads\/2024\/12\/original-FB4E0EC3-6A3F-4622-83FE-F5CC68F74BB7-300x200.jpeg 300w, https:\/\/cpaa-acmpa.ca\/wp\/wp-content\/uploads\/2024\/12\/original-FB4E0EC3-6A3F-4622-83FE-F5CC68F74BB7-768x511.jpeg 768w, https:\/\/cpaa-acmpa.ca\/wp\/wp-content\/uploads\/2024\/12\/original-FB4E0EC3-6A3F-4622-83FE-F5CC68F74BB7-1536x1022.jpeg 1536w, https:\/\/cpaa-acmpa.ca\/wp\/wp-content\/uploads\/2024\/12\/original-FB4E0EC3-6A3F-4622-83FE-F5CC68F74BB7-2048x1363.jpeg 2048w\" sizes=\"auto, (max-width: 1024px) 100vw, 1024px\" \/><\/figure><div class=\"wp-block-media-text__content\">\n<p class=\"has-normal-font-size\">Le 22e Congr\u00e8s quadriennal national de l&#8217;ACMPA Vancouver, Colombie-Britannique, les 2, 3 et 4 octobre 2023<\/p>\n\n\n\n<p class=\"has-normal-font-size\"> <br><\/p>\n<\/div><\/div>\n\n\n<div class=\"wp-block-image\">\n<figure class=\"aligncenter size-large\"><img loading=\"lazy\" decoding=\"async\" width=\"1024\" height=\"247\" src=\"https:\/\/cpaa-acmpa.ca\/wp\/\/wp-content\/uploads\/2019\/01\/QC-2016-1024x247.jpg\" alt=\"\" class=\"wp-image-2311\" srcset=\"https:\/\/cpaa-acmpa.ca\/wp\/wp-content\/uploads\/2019\/01\/QC-2016-1024x247.jpg 1024w, https:\/\/cpaa-acmpa.ca\/wp\/wp-content\/uploads\/2019\/01\/QC-2016-300x72.jpg 300w, https:\/\/cpaa-acmpa.ca\/wp\/wp-content\/uploads\/2019\/01\/QC-2016-768x185.jpg 768w\" sizes=\"auto, (max-width: 1024px) 100vw, 1024px\" \/><figcaption class=\"wp-element-caption\">Les d\u00e9l\u00e9gu\u00e9s au Congr\u00e8s Triennal National 2016 en Qu\u00e9bec.<\/figcaption><\/figure>\n<\/div>","protected":false},"excerpt":{"rendered":"<p>Congr\u00e8s quadriennal national octobre 2027 Tous les quatre ans, l\u2019Association Canadienne des ma\u00eetres de poste et adjoints se r\u00e9unissent de partout au pays pour tenir notre congr\u00e8s quadriennal. Le pr\u00e9sident, le vice-pr\u00e9sident anglais et le vice-pr\u00e9sident fran\u00e7ais sont \u00e9lus \u00e0 cette occasion pour un mandat de quatre ans. Chaque section a le droit de faire &#8230; <\/p>\n<p class=\"read-more-container\"><a title=\"Congr\u00e8s Quadriennal National de l&#8217;ACMPA\" class=\"read-more button\" href=\"https:\/\/cpaa-acmpa.ca\/wp\/les-evenements-de-lacmpa\/congres-triennal-national-de-lacmpa\/?lang=fr#more-2310\" aria-label=\"Read more about Congr\u00e8s Quadriennal National de l&#8217;ACMPA\">Read more<\/a><\/p>\n","protected":false},"author":1,"featured_media":0,"parent":2400,"menu_order":0,"comment_status":"closed","ping_status":"closed","template":"","meta":{"_monsterinsights_skip_tracking":false,"_monsterinsights_sitenote_active":false,"_monsterinsights_sitenote_note":"","_monsterinsights_sitenote_category":0,"generate_page_header":"","footnotes":""},"class_list":["post-2310","page","type-page","status-publish"],"aioseo_notices":[],"_links":{"self":[{"href":"https:\/\/cpaa-acmpa.ca\/wp\/wp-json\/wp\/v2\/pages\/2310","targetHints":{"allow":["GET"]}}],"collection":[{"href":"https:\/\/cpaa-acmpa.ca\/wp\/wp-json\/wp\/v2\/pages"}],"about":[{"href":"https:\/\/cpaa-acmpa.ca\/wp\/wp-json\/wp\/v2\/types\/page"}],"author":[{"embeddable":true,"href":"https:\/\/cpaa-acmpa.ca\/wp\/wp-json\/wp\/v2\/users\/1"}],"replies":[{"embeddable":true,"href":"https:\/\/cpaa-acmpa.ca\/wp\/wp-json\/wp\/v2\/comments?post=2310"}],"version-history":[{"count":14,"href":"https:\/\/cpaa-acmpa.ca\/wp\/wp-json\/wp\/v2\/pages\/2310\/revisions"}],"predecessor-version":[{"id":6058,"href":"https:\/\/cpaa-acmpa.ca\/wp\/wp-json\/wp\/v2\/pages\/2310\/revisions\/6058"}],"up":[{"embeddable":true,"href":"https:\/\/cpaa-acmpa.ca\/wp\/wp-json\/wp\/v2\/pages\/2400"}],"wp:attachment":[{"href":"https:\/\/cpaa-acmpa.ca\/wp\/wp-json\/wp\/v2\/media?parent=2310"}],"curies":[{"name":"wp","href":"https:\/\/api.w.org\/{rel}","templated":true}]}}